{"id":1289,"date":"2023-03-27T15:17:06","date_gmt":"2023-03-27T15:17:06","guid":{"rendered":"https:\/\/sport.sensormedica.com\/?page_id=1289"},"modified":"2024-01-03T09:24:46","modified_gmt":"2024-01-03T09:24:46","slug":"news-events","status":"publish","type":"page","link":"https:\/\/sport.sensormedica.com\/de\/neuigkeiten-und-veranstaltungen\/","title":{"rendered":"Neuigkeiten und Veranstaltungen"},"content":{"rendered":"<div data-elementor-type=\"wp-page\" data-elementor-id=\"1289\" class=\"elementor elementor-1289\" data-elementor-post-type=\"page\">\n\t\t\t\t\t\t<section class=\"elementor-section elementor-top-section elementor-element elementor-element-314ea40c elementor-section-height-min-height elementor-section-boxed elementor-section-height-default elementor-section-items-middle\" data-id=\"314ea40c\" data-element_type=\"section\" data-settings=\"{&quot;background_background&quot;:&quot;classic&quot;}\">\n\t\t\t\t\t\t\t<div class=\"elementor-background-overlay\"><\/div>\n\t\t\t\t\t\t\t<div class=\"elementor-container elementor-column-gap-default\">\n\t\t\t\t\t<div class=\"elementor-column elementor-col-100 elementor-top-column elementor-element elementor-element-297ffe71\" data-id=\"297ffe71\" data-element_type=\"column\">\n\t\t\t<div class=\"elementor-widget-wrap elementor-element-populated\">\n\t\t\t\t\t\t<div class=\"elementor-element elementor-element-7e7299c2 elementor-widget__width-initial elementor-widget elementor-widget-heading\" data-id=\"7e7299c2\" data-element_type=\"widget\" data-widget_type=\"heading.default\">\n\t\t\t\t<div class=\"elementor-widget-container\">\n\t\t\t<h2 class=\"elementor-heading-title elementor-size-default\">Neuigkeiten und Veranstaltungen<\/h2>\t\t<\/div>\n\t\t\t\t<\/div>\n\t\t\t\t\t<\/div>\n\t\t<\/div>\n\t\t\t\t\t<\/div>\n\t\t<\/section>\n\t\t\t\t<section class=\"elementor-section elementor-top-section elementor-element elementor-element-096e171 elementor-section-boxed elementor-section-height-default elementor-section-height-default\" data-id=\"096e171\" data-element_type=\"section\" data-settings=\"{&quot;background_background&quot;:&quot;classic&quot;}\">\n\t\t\t\t\t\t<div class=\"elementor-container elementor-column-gap-default\">\n\t\t\t\t\t<div class=\"elementor-column elementor-col-100 elementor-top-column elementor-element elementor-element-12c9695\" data-id=\"12c9695\" data-element_type=\"column\">\n\t\t\t<div class=\"elementor-widget-wrap elementor-element-populated\">\n\t\t\t\t\t\t<div class=\"elementor-element elementor-element-64c8ae2 elementor-invisible elementor-widget elementor-widget-qi_addons_for_elementor_blog_list\" data-id=\"64c8ae2\" data-element_type=\"widget\" data-settings=\"{&quot;_animation&quot;:&quot;fadeIn&quot;}\" data-widget_type=\"qi_addons_for_elementor_blog_list.default\">\n\t\t\t\t<div class=\"elementor-widget-container\">\n\t\t\t<div class=\"qodef-shortcode qodef-m  qodef-addons-blog-list qodef-info-no-icons  qodef-image--hover-zoom   qodef-qi-grid qodef-layout--qi-columns  qodef-col-num--3  qodef-item-layout--boxed qodef-responsive--predefined\" >\n\t<div class=\"qodef-grid-inner\">\n\t\t<article class=\"qodef-e qodef-blog-item qodef-grid-item qodef-item--landscape post-11529 post type-post status-publish format-standard has-post-thumbnail hentry category-news-events\">\n\t<div class=\"qodef-e-inner\">\n\t\t<div class=\"qodef-e-media-holder\">\n\t\t\t<div class=\"qodef-e-media\">\n\t\t<div class=\"qodef-e-media-image\">\n\t\t<a itemprop=\"url\" href=\"https:\/\/sport.sensormedica.com\/de\/welcome-to-sensor-medicas-sport-division-the-evolution-of-biomechanical-analysis-in-sports\/\">\n\t\t\t<picture><source srcset=\"https:\/\/sport.sensormedica.com\/wp-content\/webp-express\/webp-images\/uploads\/2024\/12\/mai-piu-solo-sfondo-768x512-1.jpg.webp 768w, https:\/\/sport.sensormedica.com\/wp-content\/webp-express\/webp-images\/uploads\/2024\/12\/mai-piu-solo-sfondo-768x512-1-300x200.jpg.webp 300w, https:\/\/sport.sensormedica.com\/wp-content\/webp-express\/webp-images\/uploads\/2024\/12\/mai-piu-solo-sfondo-768x512-1-18x12.jpg.webp 18w\" sizes=\"(max-width: 768px) 100vw, 768px\" type=\"image\/webp\"><img fetchpriority=\"high\" decoding=\"async\" width=\"768\" height=\"512\" src=\"https:\/\/sport.sensormedica.com\/wp-content\/uploads\/2024\/12\/mai-piu-solo-sfondo-768x512-1.jpg\" class=\"attachment-qi_addons_for_elementor_image_size_landscape size-qi_addons_for_elementor_image_size_landscape webpexpress-processed\" alt=\"\" srcset=\"https:\/\/sport.sensormedica.com\/wp-content\/uploads\/2024\/12\/mai-piu-solo-sfondo-768x512-1.jpg 768w, https:\/\/sport.sensormedica.com\/wp-content\/uploads\/2024\/12\/mai-piu-solo-sfondo-768x512-1-300x200.jpg 300w, https:\/\/sport.sensormedica.com\/wp-content\/uploads\/2024\/12\/mai-piu-solo-sfondo-768x512-1-18x12.jpg 18w\" sizes=\"(max-width: 768px) 100vw, 768px\"><\/picture>\t\t<\/a>\n\t\t\t<\/div>\n<\/div>\n\t\t<\/div>\n\t\t<div class=\"qodef-e-content\">\n\t\t\t\t\t\t\t<div class=\"qodef-e-info qodef-info--top\">\n\t\t\t\t\t<div class=\"qodef-e-info-item qodef-e-info-category\">\n\t\t<a href=\"https:\/\/sport.sensormedica.com\/de\/category\/neuigkeiten-und-veranstaltungen\/\" rel=\"category tag\">Neuigkeiten und Veranstaltungen<\/a><\/div>\n\t\t\t\t<\/div>\n\t\t\t\t\t\t<div class=\"qodef-e-text\">\n\t\t\t\t<h5 itemprop=\"name\" class=\"qodef-e-title entry-title\">\n\t<a itemprop=\"url\" class=\"qodef-e-title-link\" href=\"https:\/\/sport.sensormedica.com\/de\/welcome-to-sensor-medicas-sport-division-the-evolution-of-biomechanical-analysis-in-sports\/\">\n\t\tWillkommen in der Sportabteilung von Sensor Medica: die Entwicklung der biomechanischen Analyse im Sport\t<\/a>\n<\/h5>\n\t\t<p itemprop=\"description\" class=\"qodef-e-excerpt\">\n\t\t\tSensor Medica, ein f\u00fchrendes Unternehmen im Bereich biomechanischer Analysen und Technologien f\u00fcr das Wohlbefinden des menschlichen K\u00f6rpers, ist stolz, die Einf\u00fchrung seiner neuen Sportabteilung bekannt zu geben. Dieses ehrgeizige Projekt ist\t\t<\/p>\n\t\t\t\t<\/div>\n\t\t\t\t\t\t\t<div class=\"qodef-e-info qodef-info--bottom\">\n\t\t\t\t\t\t<div class=\"qodef-e-read-more\">\n\t\t<a class=\"qodef-shortcode qodef-m  qodef-qi-button qodef-html--link qodef-layout--filled qodef-type--standard   qodef-icon--right qodef-hover--icon-move-horizontal-short\" href=\"https:\/\/sport.sensormedica.com\/de\/welcome-to-sensor-medicas-sport-division-the-evolution-of-biomechanical-analysis-in-sports\/\" target=\"_self\">\t<span class=\"qodef-m-text\">Weiterlesen<\/span>\t<\/a>\t<\/div>\n\t\t\t\t<\/div>\n\t\t\t\t\t<\/div>\n\t<\/div>\n<\/article>\n\t<\/div>\n\t<\/div>\n\t\t<\/div>\n\t\t\t\t<\/div>\n\t\t\t\t\t<\/div>\n\t\t<\/div>\n\t\t\t\t\t<\/div>\n\t\t<\/section>\n\t\t\t\t<\/div>","protected":false},"excerpt":{"rendered":"<p>News &amp; Events Auswirkungen des Radfahrens auf die Wirbels\u00e4ule Vor ein paar Tagen haben wir \u00fcber eine Studie zum Einsatz von Elastic Taping am Hals gesprochen, eine Studie, die auch durch den Einsatz unseres Moover One m\u00f6glich wurde. Heute sind wir Weiterlesen News &amp; Events Moover One und die Bewertung \u2026<\/p>\n<p class=\"read-more\"> <a class=\"\" href=\"https:\/\/sport.sensormedica.com\/de\/welcome-to-sensor-medicas-sport-division-the-evolution-of-biomechanical-analysis-in-sports\/\"> <span class=\"screen-reader-text\">Willkommen in der Sportabteilung von Sensor Medica: die Entwicklung der biomechanischen Analyse im Sport<\/span> Weiterlesen \u00bb<\/a><\/p>","protected":false},"author":1,"featured_media":0,"parent":0,"menu_order":0,"comment_status":"closed","ping_status":"closed","template":"","meta":{"site-sidebar-layout":"no-sidebar","site-content-layout":"page-builder","ast-site-content-layout":"","site-content-style":"default","site-sidebar-style":"default","ast-global-header-display":"","ast-banner-title-visibility":"","ast-main-header-display":"","ast-hfb-above-header-display":"","ast-hfb-below-header-display":"","ast-hfb-mobile-header-display":"","site-post-title":"disabled","ast-breadcrumbs-content":"","ast-featured-img":"disabled","footer-sml-layout":"","theme-transparent-header-meta":"","adv-header-id-meta":"","stick-header-meta":"","header-above-stick-meta":"","header-main-stick-meta":"","header-below-stick-meta":"","astra-migrate-meta-layouts":"","footnotes":""},"class_list":["post-1289","page","type-page","status-publish","hentry"],"yoast_head":"<!-- This site is optimized with the Yoast SEO Premium plugin v21.6 (Yoast SEO v24.0) - https:\/\/yoast.com\/wordpress\/plugins\/seo\/ -->\n<title>News &amp; Events - Sensor Medica<\/title>\n<meta name=\"robots\" content=\"index, follow, max-snippet:-1, max-image-preview:large, max-video-preview:-1\" \/>\n<link rel=\"canonical\" href=\"https:\/\/sport.sensormedica.com\/de\/neuigkeiten-und-veranstaltungen\/\" \/>\n<meta property=\"og:locale\" content=\"de_DE\" \/>\n<meta property=\"og:type\" content=\"article\" \/>\n<meta property=\"og:title\" content=\"News &amp; Events\" \/>\n<meta property=\"og:description\" content=\"News &amp; Events Effects of cycling on the spine A few days ago we talked about a study on the use of Elastic Taping applied to the neck, a study that was also made possible thanks to the use of our Moover One. Today we&#8217;re Read More News &amp; Events Moover One and the assessment &hellip; Welcome to Sensor Medica\u2019s Sport Division: the evolution of biomechanical analysis in sports Weiterlesen &raquo;\" \/>\n<meta property=\"og:url\" content=\"https:\/\/sport.sensormedica.com\/de\/neuigkeiten-und-veranstaltungen\/\" \/>\n<meta property=\"og:site_name\" content=\"Sensor Medica\" \/>\n<meta property=\"article:modified_time\" content=\"2024-01-03T09:24:46+00:00\" \/>\n<meta property=\"og:image\" content=\"https:\/\/sport.sensormedica.com\/wp-content\/uploads\/2023\/09\/2S6A0220-1300x650.jpg\" \/>\n<meta name=\"twitter:card\" content=\"summary_large_image\" \/>\n<meta name=\"twitter:label1\" content=\"Gesch\u00e4tzte Lesezeit\" \/>\n\t<meta name=\"twitter:data1\" content=\"13\u00a0Minuten\" \/>\n<script type=\"application\/ld+json\" class=\"yoast-schema-graph\">{\"@context\":\"https:\/\/schema.org\",\"@graph\":[{\"@type\":\"WebPage\",\"@id\":\"https:\/\/sport.sensormedica.com\/news-events\/\",\"url\":\"https:\/\/sport.sensormedica.com\/news-events\/\",\"name\":\"News & Events - Sensor Medica\",\"isPartOf\":{\"@id\":\"https:\/\/sport.sensormedica.com\/#website\"},\"primaryImageOfPage\":{\"@id\":\"https:\/\/sport.sensormedica.com\/news-events\/#primaryimage\"},\"image\":{\"@id\":\"https:\/\/sport.sensormedica.com\/news-events\/#primaryimage\"},\"thumbnailUrl\":\"https:\/\/sport.sensormedica.com\/wp-content\/uploads\/2023\/09\/2S6A0220-1300x650.jpg\",\"datePublished\":\"2023-03-27T15:17:06+00:00\",\"dateModified\":\"2024-01-03T09:24:46+00:00\",\"breadcrumb\":{\"@id\":\"https:\/\/sport.sensormedica.com\/news-events\/#breadcrumb\"},\"inLanguage\":\"de\",\"potentialAction\":[{\"@type\":\"ReadAction\",\"target\":[\"https:\/\/sport.sensormedica.com\/news-events\/\"]}]},{\"@type\":\"ImageObject\",\"inLanguage\":\"de\",\"@id\":\"https:\/\/sport.sensormedica.com\/news-events\/#primaryimage\",\"url\":\"https:\/\/sport.sensormedica.com\/wp-content\/uploads\/2023\/09\/2S6A0220-1300x650.jpg\",\"contentUrl\":\"https:\/\/sport.sensormedica.com\/wp-content\/uploads\/2023\/09\/2S6A0220-1300x650.jpg\"},{\"@type\":\"BreadcrumbList\",\"@id\":\"https:\/\/sport.sensormedica.com\/news-events\/#breadcrumb\",\"itemListElement\":[{\"@type\":\"ListItem\",\"position\":1,\"name\":\"Home\",\"item\":\"https:\/\/sport.sensormedica.com\/en\/\"},{\"@type\":\"ListItem\",\"position\":2,\"name\":\"News &#038; Events\"}]},{\"@type\":\"WebSite\",\"@id\":\"https:\/\/sport.sensormedica.com\/#website\",\"url\":\"https:\/\/sport.sensormedica.com\/\",\"name\":\"Sensor Medica\",\"description\":\"Sport Division\",\"potentialAction\":[{\"@type\":\"SearchAction\",\"target\":{\"@type\":\"EntryPoint\",\"urlTemplate\":\"https:\/\/sport.sensormedica.com\/?s={search_term_string}\"},\"query-input\":{\"@type\":\"PropertyValueSpecification\",\"valueRequired\":true,\"valueName\":\"search_term_string\"}}],\"inLanguage\":\"de\"}]}<\/script>\n<!-- \/ Yoast SEO Premium plugin. -->","yoast_head_json":{"title":"News & Events - Sensor Medica","robots":{"index":"index","follow":"follow","max-snippet":"max-snippet:-1","max-image-preview":"max-image-preview:large","max-video-preview":"max-video-preview:-1"},"canonical":"https:\/\/sport.sensormedica.com\/de\/neuigkeiten-und-veranstaltungen\/","og_locale":"de_DE","og_type":"article","og_title":"News & Events","og_description":"News &amp; Events Effects of cycling on the spine A few days ago we talked about a study on the use of Elastic Taping applied to the neck, a study that was also made possible thanks to the use of our Moover One. Today we&#8217;re Read More News &amp; Events Moover One and the assessment &hellip; Welcome to Sensor Medica\u2019s Sport Division: the evolution of biomechanical analysis in sports Weiterlesen &raquo;","og_url":"https:\/\/sport.sensormedica.com\/de\/neuigkeiten-und-veranstaltungen\/","og_site_name":"Sensor Medica","article_modified_time":"2024-01-03T09:24:46+00:00","og_image":[{"url":"https:\/\/sport.sensormedica.com\/wp-content\/uploads\/2023\/09\/2S6A0220-1300x650.jpg","type":"","width":"","height":""}],"twitter_card":"summary_large_image","twitter_misc":{"Gesch\u00e4tzte Lesezeit":"13\u00a0Minuten"},"schema":{"@context":"https:\/\/schema.org","@graph":[{"@type":"WebPage","@id":"https:\/\/sport.sensormedica.com\/news-events\/","url":"https:\/\/sport.sensormedica.com\/news-events\/","name":"News & Events - Sensor Medica","isPartOf":{"@id":"https:\/\/sport.sensormedica.com\/#website"},"primaryImageOfPage":{"@id":"https:\/\/sport.sensormedica.com\/news-events\/#primaryimage"},"image":{"@id":"https:\/\/sport.sensormedica.com\/news-events\/#primaryimage"},"thumbnailUrl":"https:\/\/sport.sensormedica.com\/wp-content\/uploads\/2023\/09\/2S6A0220-1300x650.jpg","datePublished":"2023-03-27T15:17:06+00:00","dateModified":"2024-01-03T09:24:46+00:00","breadcrumb":{"@id":"https:\/\/sport.sensormedica.com\/news-events\/#breadcrumb"},"inLanguage":"de","potentialAction":[{"@type":"ReadAction","target":["https:\/\/sport.sensormedica.com\/news-events\/"]}]},{"@type":"ImageObject","inLanguage":"de","@id":"https:\/\/sport.sensormedica.com\/news-events\/#primaryimage","url":"https:\/\/sport.sensormedica.com\/wp-content\/uploads\/2023\/09\/2S6A0220-1300x650.jpg","contentUrl":"https:\/\/sport.sensormedica.com\/wp-content\/uploads\/2023\/09\/2S6A0220-1300x650.jpg"},{"@type":"BreadcrumbList","@id":"https:\/\/sport.sensormedica.com\/news-events\/#breadcrumb","itemListElement":[{"@type":"ListItem","position":1,"name":"Home","item":"https:\/\/sport.sensormedica.com\/en\/"},{"@type":"ListItem","position":2,"name":"News &#038; Events"}]},{"@type":"WebSite","@id":"https:\/\/sport.sensormedica.com\/#website","url":"https:\/\/sport.sensormedica.com\/","name":"Sensor Medica","description":"Sport Division","potentialAction":[{"@type":"SearchAction","target":{"@type":"EntryPoint","urlTemplate":"https:\/\/sport.sensormedica.com\/?s={search_term_string}"},"query-input":{"@type":"PropertyValueSpecification","valueRequired":true,"valueName":"search_term_string"}}],"inLanguage":"de"}]}},"_links":{"self":[{"href":"https:\/\/sport.sensormedica.com\/de\/wp-json\/wp\/v2\/pages\/1289","targetHints":{"allow":["GET"]}}],"collection":[{"href":"https:\/\/sport.sensormedica.com\/de\/wp-json\/wp\/v2\/pages"}],"about":[{"href":"https:\/\/sport.sensormedica.com\/de\/wp-json\/wp\/v2\/types\/page"}],"author":[{"embeddable":true,"href":"https:\/\/sport.sensormedica.com\/de\/wp-json\/wp\/v2\/users\/1"}],"replies":[{"embeddable":true,"href":"https:\/\/sport.sensormedica.com\/de\/wp-json\/wp\/v2\/comments?post=1289"}],"version-history":[{"count":9,"href":"https:\/\/sport.sensormedica.com\/de\/wp-json\/wp\/v2\/pages\/1289\/revisions"}],"predecessor-version":[{"id":10860,"href":"https:\/\/sport.sensormedica.com\/de\/wp-json\/wp\/v2\/pages\/1289\/revisions\/10860"}],"wp:attachment":[{"href":"https:\/\/sport.sensormedica.com\/de\/wp-json\/wp\/v2\/media?parent=1289"}],"curies":[{"name":"wp","href":"https:\/\/api.w.org\/{rel}","templated":true}]}}